{"id":434,"date":"2020-07-24T10:04:41","date_gmt":"2020-07-24T10:04:41","guid":{"rendered":"http:\/\/wind-max.de\/?page_id=434"},"modified":"2024-09-05T07:56:54","modified_gmt":"2024-09-05T07:56:54","slug":"ueber-uns","status":"publish","type":"page","link":"https:\/\/wind-max.de\/en\/ueber-uns\/","title":{"rendered":"About us"},"content":{"rendered":"<p>[et_pb_section fb_built=&#8220;1&#8243; _builder_version=&#8220;4.16&#8243; background_color=&#8220;#f7f7f7&#8243; global_colors_info=&#8220;{}&#8220;][et_pb_row module_class=&#8220;tytul&#8220; _builder_version=&#8220;4.16&#8243; background_enable_color=&#8220;off&#8220; global_colors_info=&#8220;{}&#8220;][et_pb_column type=&#8220;4_4&#8243; _builder_version=&#8220;4.16&#8243; global_colors_info=&#8220;{}&#8220;][et_pb_text module_class=&#8220;breadcrumb&#8220; _builder_version=&#8220;4.16&#8243; custom_margin=&#8220;||5px||false|false&#8220; global_colors_info=&#8220;{}&#8220;]<\/p>\n<h3><span><span><a href=\"https:\/\/wind-max.de\/en\/\">Home<\/a><\/span><\/span><\/h3>\n<p>[\/et_pb_text][et_pb_text _builder_version=&#8220;4.16&#8243; _dynamic_attributes=&#8220;content&#8220; custom_margin=&#8220;||0px||false|false&#8220; global_colors_info=&#8220;{}&#8220;]@ET-DC@eyJkeW5hbWljIjp0cnVlLCJjb250ZW50IjoicG9zdF90aXRsZSIsInNldHRpbmdzIjp7ImJlZm9yZSI6IjxoMT4iLCJhZnRlciI6IjwvaDE+In19@[\/et_pb_text][\/et_pb_column][\/et_pb_row][\/et_pb_section][et_pb_section fb_built=&#8220;1&#8243; custom_padding_last_edited=&#8220;on|phone&#8220; _builder_version=&#8220;4.16&#8243; custom_padding=&#8220;100px||0px||false|false&#8220; custom_padding_tablet=&#8220;50px||||false|false&#8220; custom_padding_phone=&#8220;20px||||false|false&#8220; global_colors_info=&#8220;{}&#8220;][et_pb_row _builder_version=&#8220;4.16&#8243; global_colors_info=&#8220;{}&#8220;][et_pb_column type=&#8220;4_4&#8243; _builder_version=&#8220;4.16&#8243; global_colors_info=&#8220;{}&#8220;][et_pb_text _builder_version=&#8220;4.16&#8243; global_colors_info=&#8220;{}&#8220;]<\/p>\n<p>WindMax was founded in 2009 as the result of the owner's long-time passion for renewable energy, with respect for nature and the Earth.<\/p>\n<p>Since then, we haveprovidedcomprehensive solutions to all problems regarding wind farmsof our clients.<\/p>\n<p>Our daily work involves meticulously planned inspections, repairs, and improvements of these devices. Moreover, we sell, purchase, assemble and disassemble of turbines in and beyondthe European Union. We are often asked for technical support in the construction of new wind parks by leading global concerns in this industry.<\/p>\n<p>Windkraft is characterized by efficiency, flexibility, and quick operations. It guarantees high quality of service, equipment efficiency and time savings for our customers.<\/p>\n<p>[\/et_pb_text][et_pb_gallery gallery_ids=&#8220;654,653,652,738&#8243; show_title_and_caption=&#8220;off&#8220; show_pagination=&#8220;off&#8220; hover_overlay_color=&#8220;RGBA(255,255,255,0)&#8220; hover_icon=&#8220;&#x54;||divi||400&#8243; _builder_version=&#8220;4.27.0&#8243; custom_padding=&#8220;60px||||false|false&#8220; hover_enabled=&#8220;0&#8243; global_colors_info=&#8220;{}&#8220; zoom_icon_color=&#8220;RGBA(255,255,255,0)&#8220; sticky_enabled=&#8220;0&#8243;][\/et_pb_gallery][\/et_pb_column][\/et_pb_row][\/et_pb_section]<\/p>","protected":false},"excerpt":{"rendered":"<p><span><span><a href=\"https:\/\/wind-max.de\/en\/\">Home<\/a><\/span><\/span>WindMax ist eine Firma, die 2009 aus Leidenschaft ihres Eigent\u00fcmers f\u00fcr erneuerbare Energien entstanden ist und die ganze Zeit in dieser Leidenschaft bleibt, um die Natur und die Erde zu sch\u00fctzen. Seitdem l\u04e7sen wir umfassend alle Probleme unserer Kunden in Bezug auf Windkraftanlagen. Tagt\u00e4glich befassen wir uns haupts\u00e4chlich mit der Durchf\u00fchrung von planm\u00e4\u00dfigen Wartungen, Reparaturen [&hellip;]<\/p>","protected":false},"author":1,"featured_media":0,"parent":0,"menu_order":0,"comment_status":"closed","ping_status":"closed","template":"","meta":{"_et_pb_use_builder":"on","_et_pb_old_content":"","_et_gb_content_width":"","footnotes":""},"class_list":["post-434","page","type-page","status-publish","hentry"],"yoast_head":"<!-- This site is optimized with the Yoast SEO plugin v23.4 - https:\/\/yoast.com\/wordpress\/plugins\/seo\/ -->\n<title>\u00dcber Uns - Windkraftanlage<\/title>\n<meta name=\"robots\" content=\"index, follow, max-snippet:-1, max-image-preview:large, max-video-preview:-1\" \/>\n<link rel=\"canonical\" href=\"https:\/\/wind-max.de\/en\/ueber-uns\/\" \/>\n<meta property=\"og:locale\" content=\"en_GB\" \/>\n<meta property=\"og:type\" content=\"article\" \/>\n<meta property=\"og:title\" content=\"\u00dcber Uns - Windkraftanlage\" \/>\n<meta property=\"og:description\" content=\"WindMax ist eine Firma, die 2009 aus Leidenschaft ihres Eigent\u00fcmers f\u00fcr erneuerbare Energien entstanden ist und die ganze Zeit in dieser Leidenschaft bleibt, um die Natur und die Erde zu sch\u00fctzen. Seitdem l\u04e7sen wir umfassend alle Probleme unserer Kunden in Bezug auf Windkraftanlagen. Tagt\u00e4glich befassen wir uns haupts\u00e4chlich mit der Durchf\u00fchrung von planm\u00e4\u00dfigen Wartungen, Reparaturen [&hellip;]\" \/>\n<meta property=\"og:url\" content=\"https:\/\/wind-max.de\/en\/ueber-uns\/\" \/>\n<meta property=\"og:site_name\" content=\"Windkraftanlage\" \/>\n<meta property=\"article:modified_time\" content=\"2024-09-05T07:56:54+00:00\" \/>\n<meta property=\"og:image\" content=\"https:\/\/wind-max.de\/wp-content\/uploads\/2021\/05\/fb.jpg\" \/>\n\t<meta property=\"og:image:width\" content=\"600\" \/>\n\t<meta property=\"og:image:height\" content=\"350\" \/>\n\t<meta property=\"og:image:type\" content=\"image\/jpeg\" \/>\n<meta name=\"twitter:card\" content=\"summary_large_image\" \/>\n<meta name=\"twitter:label1\" content=\"Estimated reading time\" \/>\n\t<meta name=\"twitter:data1\" content=\"2 minutes\" \/>\n<script type=\"application\/ld+json\" class=\"yoast-schema-graph\">{\"@context\":\"https:\/\/schema.org\",\"@graph\":[{\"@type\":\"WebPage\",\"@id\":\"https:\/\/wind-max.de\/ueber-uns\/\",\"url\":\"https:\/\/wind-max.de\/ueber-uns\/\",\"name\":\"\u00dcber Uns - Windkraftanlage\",\"isPartOf\":{\"@id\":\"https:\/\/wind-max.de\/en\/#website\"},\"datePublished\":\"2020-07-24T10:04:41+00:00\",\"dateModified\":\"2024-09-05T07:56:54+00:00\",\"breadcrumb\":{\"@id\":\"https:\/\/wind-max.de\/ueber-uns\/#breadcrumb\"},\"inLanguage\":\"en-GB\",\"potentialAction\":[{\"@type\":\"ReadAction\",\"target\":[\"https:\/\/wind-max.de\/ueber-uns\/\"]}]},{\"@type\":\"BreadcrumbList\",\"@id\":\"https:\/\/wind-max.de\/ueber-uns\/#breadcrumb\",\"itemListElement\":[{\"@type\":\"ListItem\",\"position\":1,\"name\":\"Zuhause\",\"item\":\"https:\/\/wind-max.de\/en\/\"},{\"@type\":\"ListItem\",\"position\":2,\"name\":\"\u00dcber Uns\"}]},{\"@type\":\"WebSite\",\"@id\":\"https:\/\/wind-max.de\/en\/#website\",\"url\":\"https:\/\/wind-max.de\/en\/\",\"name\":\"Windkraftanlage\",\"description\":\"Nat\u00fcrliche Energiequelle\",\"publisher\":{\"@id\":\"https:\/\/wind-max.de\/en\/#organization\"},\"potentialAction\":[{\"@type\":\"SearchAction\",\"target\":{\"@type\":\"EntryPoint\",\"urlTemplate\":\"https:\/\/wind-max.de\/en\/?s={search_term_string}\"},\"query-input\":{\"@type\":\"PropertyValueSpecification\",\"valueRequired\":true,\"valueName\":\"search_term_string\"}}],\"inLanguage\":\"en-GB\"},{\"@type\":\"Organization\",\"@id\":\"https:\/\/wind-max.de\/en\/#organization\",\"name\":\"WindMax\",\"url\":\"https:\/\/wind-max.de\/en\/\",\"logo\":{\"@type\":\"ImageObject\",\"inLanguage\":\"en-GB\",\"@id\":\"https:\/\/wind-max.de\/en\/#\/schema\/logo\/image\/\",\"url\":\"https:\/\/wind-max.de\/wp-content\/uploads\/2021\/02\/logo.svg\",\"contentUrl\":\"https:\/\/wind-max.de\/wp-content\/uploads\/2021\/02\/logo.svg\",\"width\":1,\"height\":1,\"caption\":\"WindMax\"},\"image\":{\"@id\":\"https:\/\/wind-max.de\/en\/#\/schema\/logo\/image\/\"}}]}<\/script>\n<!-- \/ Yoast SEO plugin. -->","yoast_head_json":{"title":"\u00dcber Uns - Windkraftanlage","robots":{"index":"index","follow":"follow","max-snippet":"max-snippet:-1","max-image-preview":"max-image-preview:large","max-video-preview":"max-video-preview:-1"},"canonical":"https:\/\/wind-max.de\/en\/ueber-uns\/","og_locale":"en_GB","og_type":"article","og_title":"\u00dcber Uns - Windkraftanlage","og_description":"WindMax ist eine Firma, die 2009 aus Leidenschaft ihres Eigent\u00fcmers f\u00fcr erneuerbare Energien entstanden ist und die ganze Zeit in dieser Leidenschaft bleibt, um die Natur und die Erde zu sch\u00fctzen. Seitdem l\u04e7sen wir umfassend alle Probleme unserer Kunden in Bezug auf Windkraftanlagen. Tagt\u00e4glich befassen wir uns haupts\u00e4chlich mit der Durchf\u00fchrung von planm\u00e4\u00dfigen Wartungen, Reparaturen [&hellip;]","og_url":"https:\/\/wind-max.de\/en\/ueber-uns\/","og_site_name":"Windkraftanlage","article_modified_time":"2024-09-05T07:56:54+00:00","og_image":[{"width":600,"height":350,"url":"https:\/\/wind-max.de\/wp-content\/uploads\/2021\/05\/fb.jpg","type":"image\/jpeg"}],"twitter_card":"summary_large_image","twitter_misc":{"Estimated reading time":"2 minutes"},"schema":{"@context":"https:\/\/schema.org","@graph":[{"@type":"WebPage","@id":"https:\/\/wind-max.de\/ueber-uns\/","url":"https:\/\/wind-max.de\/ueber-uns\/","name":"\u00dcber Uns - Windkraftanlage","isPartOf":{"@id":"https:\/\/wind-max.de\/en\/#website"},"datePublished":"2020-07-24T10:04:41+00:00","dateModified":"2024-09-05T07:56:54+00:00","breadcrumb":{"@id":"https:\/\/wind-max.de\/ueber-uns\/#breadcrumb"},"inLanguage":"en-GB","potentialAction":[{"@type":"ReadAction","target":["https:\/\/wind-max.de\/ueber-uns\/"]}]},{"@type":"BreadcrumbList","@id":"https:\/\/wind-max.de\/ueber-uns\/#breadcrumb","itemListElement":[{"@type":"ListItem","position":1,"name":"Zuhause","item":"https:\/\/wind-max.de\/en\/"},{"@type":"ListItem","position":2,"name":"\u00dcber Uns"}]},{"@type":"WebSite","@id":"https:\/\/wind-max.de\/en\/#website","url":"https:\/\/wind-max.de\/en\/","name":"Windkraftanlage","description":"Nat\u00fcrliche Energiequelle","publisher":{"@id":"https:\/\/wind-max.de\/en\/#organization"},"potentialAction":[{"@type":"SearchAction","target":{"@type":"EntryPoint","urlTemplate":"https:\/\/wind-max.de\/en\/?s={search_term_string}"},"query-input":{"@type":"PropertyValueSpecification","valueRequired":true,"valueName":"search_term_string"}}],"inLanguage":"en-GB"},{"@type":"Organization","@id":"https:\/\/wind-max.de\/en\/#organization","name":"WindMax","url":"https:\/\/wind-max.de\/en\/","logo":{"@type":"ImageObject","inLanguage":"en-GB","@id":"https:\/\/wind-max.de\/en\/#\/schema\/logo\/image\/","url":"https:\/\/wind-max.de\/wp-content\/uploads\/2021\/02\/logo.svg","contentUrl":"https:\/\/wind-max.de\/wp-content\/uploads\/2021\/02\/logo.svg","width":1,"height":1,"caption":"WindMax"},"image":{"@id":"https:\/\/wind-max.de\/en\/#\/schema\/logo\/image\/"}}]}},"_links":{"self":[{"href":"https:\/\/wind-max.de\/en\/wp-json\/wp\/v2\/pages\/434"}],"collection":[{"href":"https:\/\/wind-max.de\/en\/wp-json\/wp\/v2\/pages"}],"about":[{"href":"https:\/\/wind-max.de\/en\/wp-json\/wp\/v2\/types\/page"}],"author":[{"embeddable":true,"href":"https:\/\/wind-max.de\/en\/wp-json\/wp\/v2\/users\/1"}],"replies":[{"embeddable":true,"href":"https:\/\/wind-max.de\/en\/wp-json\/wp\/v2\/comments?post=434"}],"version-history":[{"count":28,"href":"https:\/\/wind-max.de\/en\/wp-json\/wp\/v2\/pages\/434\/revisions"}],"predecessor-version":[{"id":1689,"href":"https:\/\/wind-max.de\/en\/wp-json\/wp\/v2\/pages\/434\/revisions\/1689"}],"wp:attachment":[{"href":"https:\/\/wind-max.de\/en\/wp-json\/wp\/v2\/media?parent=434"}],"curies":[{"name":"wp","href":"https:\/\/api.w.org\/{rel}","templated":true}]}}